{"id":11,"date":"2017-02-16T23:15:42","date_gmt":"2017-02-16T22:15:42","guid":{"rendered":"http:\/\/hp.futur-web.com\/?page_id=11"},"modified":"2017-11-28T13:16:12","modified_gmt":"2017-11-28T12:16:12","slug":"impressum","status":"publish","type":"page","link":"https:\/\/www.haenfling-butz.de\/?page_id=11","title":{"rendered":"Impressum"},"content":{"rendered":"&nbsp;\r\n\r\n\n<table id=\"tablepress-1\" class=\"tablepress tablepress-id-1\">\n<tbody class=\"row-hover\">\n<tr class=\"row-1 odd\">\n\t<td class=\"column-1\">Name:<\/td><td class=\"column-2\">Zahnarzt Dr. Stefan H\u00e4nfling und<br \/>\nZahnarzt Priv.-Doz. Dr. Frank Butz<\/td>\n<\/tr>\n<tr class=\"row-2 even\">\n\t<td class=\"column-1\">Rechtsform:<\/td><td class=\"column-2\">Gemeinschaftspraxis Dres. Stefan  H\u00e4nfling und Frank Butz in der Rechtsform einer Gesellschaft b\u00fcrgerlichen Rechts (GbR);<br \/>\nvertretungsberechtigt sind Herr Dr. Stefan H\u00e4nfling und Herr Priv.-Doz. Dr. Frank Butz<\/td>\n<\/tr>\n<tr class=\"row-3 odd\">\n\t<td class=\"column-1\">Adresse:<\/td><td class=\"column-2\">Belchenstra\u00dfe 6a, 79189 Bad Krozingen<\/td>\n<\/tr>\n<tr class=\"row-4 even\">\n\t<td class=\"column-1\">Telefon<\/td><td class=\"column-2\">07633\/2541<\/td>\n<\/tr>\n<tr class=\"row-5 odd\">\n\t<td class=\"column-1\">E-Mail:<\/td><td class=\"column-2\">praxis@haenfling-butz.de<\/td>\n<\/tr>\n<tr class=\"row-6 even\">\n\t<td class=\"column-1\">Berufsbezeichnung:<\/td><td class=\"column-2\">Zahnarzt<\/td>\n<\/tr>\n<tr class=\"row-7 odd\">\n\t<td class=\"column-1\">Verliehen in:<\/td><td class=\"column-2\">Bundesrepublik Deutschland<\/td>\n<\/tr>\n<tr class=\"row-8 even\">\n\t<td class=\"column-1\">Aufsichtsbeh\u00f6rden:<\/td><td class=\"column-2\"> \tKassenzahn\u00e4rztliche Vereinigung Baden-W\u00fcrttemberg<br \/>\n<br \/>\nAlbstadtweg 9<br \/>\n70567 Stuttgart<br \/>\n\tLandeszahn\u00e4rztekammer Baden-W\u00fcrttemberg<br \/>\nAltstadtweg 9<br \/>\n70567 StuttgartRegierungspr\u00e4sidium Stuttgart<br \/>\nRuppmannstr. 21<br \/>\n70565 Stuttgart<\/td>\n<\/tr>\n<tr class=\"row-9 odd\">\n\t<td class=\"column-1\">Geltendes Berufsrecht:<\/td><td class=\"column-2\">Relevante berufsrechtliche Regelungen sind:<br \/>\n<br \/>\n<br \/>\n    Zahnheilkundegesetz<br \/>\n    Geb\u00fchrenordnung f\u00fcr Zahn\u00e4rzte<br \/>\n    Berufsordnung f\u00fcr Zahn\u00e4rzte<br \/>\n    Heilberufe-Kammergesetz<br \/>\n<br \/>\nAbrufbar unter:<br \/>\n<br \/>\n<a href=\"http:\/\/www.lzkbw.de\/patienten\/gesetzliche-regelungen-zur-zahnaerztlichen-berufsausuebung\/\">www.lzkbw.de\/patienten\/gesetzliche-regelungen-zur-zahnaerztlichen-berufsausuebung\/<\/a><\/td>\n<\/tr>\n<\/tbody>\n<\/table>\n<!-- #tablepress-1 from cache -->\r\n\r\n&nbsp;\r\n\r\nVerbraucherstreitbeilegung\r\n\r\nIm Hinblick auf eine Verpflichtung aus \u00a7\u00a7 36, 37 VSBG informieren wir unsere Patienten daru\u0308ber, dass unsere Praxis nicht zur Teilnahme an einem au\u00dfergerichtlichen Streitbeilegungsverfahren vor einer Verbraucherschlichtungsstelle verpflichtet ist und auch an keinem au\u00dfergerichtlichen Streitbeilegungs-verfahren vor einer Verbraucherschlichtungsstelle teilnimmt.\r\n\r\nBei Streitigkeiten aus dem Behandlungsverha\u0308ltnis besteht die Mo\u0308glichkeit, eine au\u00dfergerichtliche Kla\u0308rung vor der Gutachterkommission fu\u0308r Fragen zahna\u0308rztlicher Haftung durchzufu\u0308hren. Die Gutachterkommission ist bei der fu\u0308r uns zusta\u0308ndigen Bezirkszahna\u0308rztekammer eingerichtet. Na\u0308here Informationen zur Gutachterkommission finden Sie unter: <a href=\"http:\/\/www.lzk\">http:\/\/www.lzk<\/a>&#8211; <a href=\"http:\/\/bw.de\/patienten\/gutachten\/\">bw.de\/patienten\/gutachten\/<\/a> gutachterkommission-fuer-fragen-zahnaerztlicher-haftung\/","protected":false},"excerpt":{"rendered":"&nbsp; &nbsp; Verbraucherstreitbeilegung Im Hinblick auf eine Verpflichtung aus \u00a7\u00a7 36, 37 VSBG informieren wir unsere Patienten daru\u0308ber, dass unsere Praxis nicht zur Teilnahme an einem au\u00dfergerichtlichen Streitbeilegungsverfahren vor einer Verbraucherschlichtungsstelle verpflichtet ist und auch an keinem au\u00dfergerichtlichen Streitbeilegungs-verfahren vor einer Verbraucherschlichtungsstelle teilnimmt. Bei Streitigkeiten aus dem Behandlungsverha\u0308ltnis besteht die Mo\u0308glichkeit, eine au\u00dfergerichtliche Kla\u0308rung vor [&hellip;]","protected":false},"author":1,"featured_media":0,"parent":0,"menu_order":1,"comment_status":"closed","ping_status":"closed","template":"","meta":{"footnotes":""},"_links":{"self":[{"href":"https:\/\/www.haenfling-butz.de\/index.php?rest_route=\/wp\/v2\/pages\/11"}],"collection":[{"href":"https:\/\/www.haenfling-butz.de\/index.php?rest_route=\/wp\/v2\/pages"}],"about":[{"href":"https:\/\/www.haenfling-butz.de\/index.php?rest_route=\/wp\/v2\/types\/page"}],"author":[{"embeddable":true,"href":"https:\/\/www.haenfling-butz.de\/index.php?rest_route=\/wp\/v2\/users\/1"}],"replies":[{"embeddable":true,"href":"https:\/\/www.haenfling-butz.de\/index.php?rest_route=%2Fwp%2Fv2%2Fcomments&post=11"}],"version-history":[{"count":19,"href":"https:\/\/www.haenfling-butz.de\/index.php?rest_route=\/wp\/v2\/pages\/11\/revisions"}],"predecessor-version":[{"id":133,"href":"https:\/\/www.haenfling-butz.de\/index.php?rest_route=\/wp\/v2\/pages\/11\/revisions\/133"}],"wp:attachment":[{"href":"https:\/\/www.haenfling-butz.de\/index.php?rest_route=%2Fwp%2Fv2%2Fmedia&parent=11"}],"curies":[{"name":"wp","href":"https:\/\/api.w.org\/{rel}","templated":true}]}}