{"id":76,"date":"2017-11-28T12:27:56","date_gmt":"2017-11-28T11:27:56","guid":{"rendered":"http:\/\/www.haenfling-butz.de\/?page_id=76"},"modified":"2026-03-24T22:06:40","modified_gmt":"2026-03-24T21:06:40","slug":"stellenangebote","status":"publish","type":"page","link":"https:\/\/www.haenfling-butz.de\/?page_id=76","title":{"rendered":"Stellenangebote"},"content":{"rendered":"&nbsp;\nF\u00fcr unsere moderne Gemeinschaftspraxis in Bad Krozingen suchen wir zum n\u00e4chstm\u00f6glichen Zeitpunkt eine\/n engagierte\/n <strong>zahnmedizinische\/n Fachangestellte\/n (m\/w\/d)<\/strong>. &nbsp;\n<p>&nbsp;<\/p>\n<strong>Ihre Aufgaben:<\/strong>\n<ul>\n \t<li style=\"list-style-type: none;\">\n<ul>\n \t<li style=\"list-style-type: none;\">\n<ul>\n \t<li>Stuhlassistenz<\/li>\n \t<li>Optional: T\u00e4tigkeiten im Bereich Prophylaxe (keine Voraussetzung)<\/li>\n<\/ul>\n<\/li>\n<\/ul>\n<\/li>\n<\/ul>&nbsp;\n<strong>Das bieten wir:<\/strong>\n<ul>\n \t<li style=\"list-style-type: none;\">\n<ul>\n \t<li style=\"list-style-type: none;\">\n<ul>\n \t<li>Vollzeit- oder Teilzeitstelle<\/li>\n \t<li>Angenehmes Arbeitsumfeld in einem freundlichen Team<\/li>\n \t<li>Leistungsgerechte, \u00fcbertarifliche Verg\u00fctung<\/li>\n \t<li>Strukturierte Einarbeitung<\/li>\n<\/ul>\n<\/li>\n<\/ul>\n<\/li>\n<\/ul>&nbsp;\n<strong>Das bringen Sie mit:<\/strong>\n<ul>\n \t<li style=\"list-style-type: none;\">\n<ul>\n \t<li style=\"list-style-type: none;\">\n<ul>\n \t<li>Abgeschlossene Ausbildung als zahnmedizinische\/r Fachangestellte\/r<\/li>\n \t<li>Teamf\u00e4higkeit und Zuverl\u00e4ssigkeit<\/li>\n \t<li>Freundlicher Umgang mit Patientinnen und Patienten<\/li>\n<\/ul>\n<\/li>\n<\/ul>\n<\/li>\n<\/ul>&nbsp;\n<p>&nbsp;<\/p>\nBitte senden Sie Ihre Bewerbungsunterlagen per E-Mail an uns unter <em>praxis[a]haenfling-butz.de<\/em>","protected":false},"excerpt":{"rendered":"&nbsp; F\u00fcr unsere moderne Gemeinschaftspraxis in Bad Krozingen suchen wir zum n\u00e4chstm\u00f6glichen Zeitpunkt eine\/n engagierte\/n zahnmedizinische\/n Fachangestellte\/n (m\/w\/d). &nbsp; &nbsp; Ihre Aufgaben: Stuhlassistenz Optional: T\u00e4tigkeiten im Bereich Prophylaxe (keine Voraussetzung) &nbsp; Das bieten wir: Vollzeit- oder Teilzeitstelle Angenehmes Arbeitsumfeld in einem freundlichen Team Leistungsgerechte, \u00fcbertarifliche Verg\u00fctung Strukturierte Einarbeitung &nbsp; Das bringen Sie mit: Abgeschlossene Ausbildung [&hellip;]","protected":false},"author":1,"featured_media":0,"parent":0,"menu_order":0,"comment_status":"closed","ping_status":"closed","template":"","meta":{"footnotes":""},"_links":{"self":[{"href":"https:\/\/www.haenfling-butz.de\/index.php?rest_route=\/wp\/v2\/pages\/76"}],"collection":[{"href":"https:\/\/www.haenfling-butz.de\/index.php?rest_route=\/wp\/v2\/pages"}],"about":[{"href":"https:\/\/www.haenfling-butz.de\/index.php?rest_route=\/wp\/v2\/types\/page"}],"author":[{"embeddable":true,"href":"https:\/\/www.haenfling-butz.de\/index.php?rest_route=\/wp\/v2\/users\/1"}],"replies":[{"embeddable":true,"href":"https:\/\/www.haenfling-butz.de\/index.php?rest_route=%2Fwp%2Fv2%2Fcomments&post=76"}],"version-history":[{"count":31,"href":"https:\/\/www.haenfling-butz.de\/index.php?rest_route=\/wp\/v2\/pages\/76\/revisions"}],"predecessor-version":[{"id":187,"href":"https:\/\/www.haenfling-butz.de\/index.php?rest_route=\/wp\/v2\/pages\/76\/revisions\/187"}],"wp:attachment":[{"href":"https:\/\/www.haenfling-butz.de\/index.php?rest_route=%2Fwp%2Fv2%2Fmedia&parent=76"}],"curies":[{"name":"wp","href":"https:\/\/api.w.org\/{rel}","templated":true}]}}